{"id":305,"date":"2013-06-21T12:06:28","date_gmt":"2013-06-21T12:06:28","guid":{"rendered":"http:\/\/buchundeinband.de\/atelier\/?page_id=305"},"modified":"2013-07-17T10:14:36","modified_gmt":"2013-07-17T10:14:36","slug":"gutschein","status":"publish","type":"page","link":"http:\/\/buchundeinband.de\/atelier\/gutschein\/","title":{"rendered":"Gutschein"},"content":{"rendered":"<p>\u00dcberraschen Sie Kollegen, Freunde und Bekannte mit einem ganz besonderen Gutschein f\u00fcr unsere Handwerkskunst! Unsere Gutscheine sind individuell auf den Namen des Beschenkten ausgestellt. Sie erhalten den verfizierten Gutschein bei uns im Atelier.<\/p>\n<p><strong>Beispiele<\/strong> f\u00fcr beliebte Gutscheine:<\/p>\n<ul>\n<li>Gutschein \u00fcber die Teilnahme an einem unserer <strong>Kurse<\/strong><\/li>\n<li>Gutschein \u00fcber eine spezielle <strong>Auftragsarbeit<\/strong><\/li>\n<li>Gutschein \u00fcber ein fertig gestaltetes und gebundenes <strong>Buch<\/strong><\/li>\n<\/ul>\n<p><img decoding=\"async\" loading=\"lazy\" class=\"alignnone size-full wp-image-331\" alt=\"Buchbinderei Gutschein\" src=\"http:\/\/buchundeinband.de\/atelier\/inhalt\/uploads\/Gutschein-Buchbinderei.png\" width=\"596\" height=\"281\" srcset=\"http:\/\/buchundeinband.de\/atelier\/inhalt\/uploads\/Gutschein-Buchbinderei.png 596w, http:\/\/buchundeinband.de\/atelier\/inhalt\/uploads\/Gutschein-Buchbinderei-90x42.png 90w\" sizes=\"(max-width: 596px) 100vw, 596px\" \/><\/p>\n","protected":false},"excerpt":{"rendered":"<p>\u00dcberraschen Sie Kollegen, Freunde und Bekannte mit einem ganz besonderen Gutschein f\u00fcr unsere Handwerkskunst! Unsere Gutscheine sind individuell auf den Namen des Beschenkten ausgestellt. Sie erhalten den verfizierten Gutschein bei uns im Atelier. Beispiele f\u00fcr beliebte Gutscheine: Gutschein \u00fcber die Teilnahme an einem unserer Kurse Gutschein \u00fcber eine spezielle Auftragsarbeit Gutschein \u00fcber ein fertig gestaltetes [&hellip;]<\/p>\n","protected":false},"author":2,"featured_media":0,"parent":0,"menu_order":0,"comment_status":"closed","ping_status":"closed","template":"","meta":[],"_links":{"self":[{"href":"http:\/\/buchundeinband.de\/atelier\/wp-json\/wp\/v2\/pages\/305"}],"collection":[{"href":"http:\/\/buchundeinband.de\/atelier\/wp-json\/wp\/v2\/pages"}],"about":[{"href":"http:\/\/buchundeinband.de\/atelier\/wp-json\/wp\/v2\/types\/page"}],"author":[{"embeddable":true,"href":"http:\/\/buchundeinband.de\/atelier\/wp-json\/wp\/v2\/users\/2"}],"replies":[{"embeddable":true,"href":"http:\/\/buchundeinband.de\/atelier\/wp-json\/wp\/v2\/comments?post=305"}],"version-history":[{"count":2,"href":"http:\/\/buchundeinband.de\/atelier\/wp-json\/wp\/v2\/pages\/305\/revisions"}],"predecessor-version":[{"id":313,"href":"http:\/\/buchundeinband.de\/atelier\/wp-json\/wp\/v2\/pages\/305\/revisions\/313"}],"wp:attachment":[{"href":"http:\/\/buchundeinband.de\/atelier\/wp-json\/wp\/v2\/media?parent=305"}],"curies":[{"name":"wp","href":"https:\/\/api.w.org\/{rel}","templated":true}]}}