{"id":18,"date":"2013-05-15T07:23:42","date_gmt":"2013-05-15T07:23:42","guid":{"rendered":"http:\/\/buchundeinband.de\/atelier\/?page_id=18"},"modified":"2013-05-17T18:26:30","modified_gmt":"2013-05-17T18:26:30","slug":"links","status":"publish","type":"page","link":"http:\/\/buchundeinband.de\/atelier\/links\/","title":{"rendered":"Links"},"content":{"rendered":"<p><a href=\"http:\/\/www.olafottobecker.de\" target=\"_blank\">www.olafottobecker.de<\/a><br \/>\nZeitgen\u00f6ssische Landschaftsfotografie<\/p>\n<p><a href=\"http:\/\/www.annape.de\" target=\"_blank\">www.annape.de<\/a><br \/>\nFotografie f\u00fcr Werbung und Lifestyle<\/p>\n<p><a href=\"http:\/\/www.liebe-frieden-glueck.de\" target=\"_blank\">www.liebe-frieden-glueck.de<\/a><br \/>\nHochwertige Produkte nach eigenen Entw\u00fcrfen in sozialen Werkst\u00e4tten hergestellt<\/p>\n<p><a href=\"http:\/\/www.artea.de\" target=\"_blank\">www.artea.de<\/a><br \/>\nExquisite Geschenkb\u00fccher zu Natur- und Lifestyle-Themen<\/p>\n<p><a href=\"http:\/\/www.acrylmoebel.net\" target=\"_blank\">www.acrylmoebel.net<\/a><br \/>\nHochwertige M\u00f6bel und Objekte aus Acrylglas, individuelle Ma\u00dfanfertigung ohne Aufpreis<\/p>\n<p><a href=\"http:\/\/www.tgm-online.de\" target=\"_blank\">www.tgm-online.de<\/a><br \/>\nTypographische Gesellschaft M\u00fcnchen<\/p>\n<p><a href=\"http:\/\/www.kursschmiede.de\" target=\"_blank\">www.kursschmiede.de<\/a><\/p>\n","protected":false},"excerpt":{"rendered":"<p>www.olafottobecker.de Zeitgen\u00f6ssische Landschaftsfotografie www.annape.de Fotografie f\u00fcr Werbung und Lifestyle www.liebe-frieden-glueck.de Hochwertige Produkte nach eigenen Entw\u00fcrfen in sozialen Werkst\u00e4tten hergestellt www.artea.de Exquisite Geschenkb\u00fccher zu Natur- und Lifestyle-Themen www.acrylmoebel.net Hochwertige M\u00f6bel und Objekte aus Acrylglas, individuelle Ma\u00dfanfertigung ohne Aufpreis www.tgm-online.de Typographische Gesellschaft M\u00fcnchen www.kursschmiede.de<\/p>\n","protected":false},"author":2,"featured_media":0,"parent":0,"menu_order":0,"comment_status":"closed","ping_status":"open","template":"","meta":[],"_links":{"self":[{"href":"http:\/\/buchundeinband.de\/atelier\/wp-json\/wp\/v2\/pages\/18"}],"collection":[{"href":"http:\/\/buchundeinband.de\/atelier\/wp-json\/wp\/v2\/pages"}],"about":[{"href":"http:\/\/buchundeinband.de\/atelier\/wp-json\/wp\/v2\/types\/page"}],"author":[{"embeddable":true,"href":"http:\/\/buchundeinband.de\/atelier\/wp-json\/wp\/v2\/users\/2"}],"replies":[{"embeddable":true,"href":"http:\/\/buchundeinband.de\/atelier\/wp-json\/wp\/v2\/comments?post=18"}],"version-history":[{"count":2,"href":"http:\/\/buchundeinband.de\/atelier\/wp-json\/wp\/v2\/pages\/18\/revisions"}],"predecessor-version":[{"id":297,"href":"http:\/\/buchundeinband.de\/atelier\/wp-json\/wp\/v2\/pages\/18\/revisions\/297"}],"wp:attachment":[{"href":"http:\/\/buchundeinband.de\/atelier\/wp-json\/wp\/v2\/media?parent=18"}],"curies":[{"name":"wp","href":"https:\/\/api.w.org\/{rel}","templated":true}]}}