{"id":14,"date":"2013-05-15T07:21:59","date_gmt":"2013-05-15T07:21:59","guid":{"rendered":"http:\/\/buchundeinband.de\/atelier\/?page_id=14"},"modified":"2015-09-19T11:21:07","modified_gmt":"2015-09-19T11:21:07","slug":"referenzen","status":"publish","type":"page","link":"http:\/\/buchundeinband.de\/atelier\/referenzen\/","title":{"rendered":"Referenzen"},"content":{"rendered":"<p>BMW<\/p>\n<p>Bavaria Film<\/p>\n<p>Bay Architekturpreis<\/p>\n<p>BBDO<\/p>\n<p>Bezirk Oberbayern<\/p>\n<p>Dekanat der medizinischen Fakult\u00e4t<\/p>\n<p>Deutsche Bank<\/p>\n<p>Deutsche Gesellschaft f\u00fcr Hygiene und Mikrobiologie<\/p>\n<p>Deutscher Umweltpreis<\/p>\n<p>Englisches K\u00f6nigshaus. Pr\u00e4sentation einer Parker Jubil\u00e4umsedition<\/p>\n<p>FIFA<\/p>\n<p>Merck Finck &amp; Co.<\/p>\n<p>Gutenberg Museum Mainz<\/p>\n<p>H\u00e4berlein und Mauerer<\/p>\n<p>Hofer Symphoniker<\/p>\n<p>HypoVereinsbank<\/p>\n<p>Johnson + Johnson<\/p>\n<p>Prinz von Hohenzollern<\/p>\n<p>Ludwig Beck<\/p>\n<p>M\u00fcnchner Kammerspiele<\/p>\n<p>Partnerpool<\/p>\n<p>Salomon Adidas<\/p>\n<p>Salomon Oppenheim Privatbankiers, K\u00f6ln<\/p>\n<p>Zee Design<\/p>\n","protected":false},"excerpt":{"rendered":"<p>BMW Bavaria Film Bay Architekturpreis BBDO Bezirk Oberbayern Dekanat der medizinischen Fakult\u00e4t Deutsche Bank Deutsche Gesellschaft f\u00fcr Hygiene und Mikrobiologie Deutscher Umweltpreis Englisches K\u00f6nigshaus. Pr\u00e4sentation einer Parker Jubil\u00e4umsedition FIFA Merck Finck &amp; Co. Gutenberg Museum Mainz H\u00e4berlein und Mauerer Hofer Symphoniker HypoVereinsbank Johnson + Johnson Prinz von Hohenzollern Ludwig Beck M\u00fcnchner Kammerspiele Partnerpool Salomon Adidas [&hellip;]<\/p>\n","protected":false},"author":2,"featured_media":0,"parent":0,"menu_order":0,"comment_status":"closed","ping_status":"open","template":"","meta":[],"_links":{"self":[{"href":"http:\/\/buchundeinband.de\/atelier\/wp-json\/wp\/v2\/pages\/14"}],"collection":[{"href":"http:\/\/buchundeinband.de\/atelier\/wp-json\/wp\/v2\/pages"}],"about":[{"href":"http:\/\/buchundeinband.de\/atelier\/wp-json\/wp\/v2\/types\/page"}],"author":[{"embeddable":true,"href":"http:\/\/buchundeinband.de\/atelier\/wp-json\/wp\/v2\/users\/2"}],"replies":[{"embeddable":true,"href":"http:\/\/buchundeinband.de\/atelier\/wp-json\/wp\/v2\/comments?post=14"}],"version-history":[{"count":2,"href":"http:\/\/buchundeinband.de\/atelier\/wp-json\/wp\/v2\/pages\/14\/revisions"}],"predecessor-version":[{"id":376,"href":"http:\/\/buchundeinband.de\/atelier\/wp-json\/wp\/v2\/pages\/14\/revisions\/376"}],"wp:attachment":[{"href":"http:\/\/buchundeinband.de\/atelier\/wp-json\/wp\/v2\/media?parent=14"}],"curies":[{"name":"wp","href":"https:\/\/api.w.org\/{rel}","templated":true}]}}